{"id":270,"date":"2018-08-23T10:16:40","date_gmt":"2018-08-23T14:16:40","guid":{"rendered":"https:\/\/valora.ca\/?page_id=270"},"modified":"2018-09-05T12:58:53","modified_gmt":"2018-09-05T16:58:53","slug":"about","status":"publish","type":"page","link":"https:\/\/valora.ca\/fr\/about\/","title":{"rendered":"\u00c0 propos"},"content":{"rendered":"<div id=\"pl-270\"  class=\"panel-layout\" ><div id=\"pg-270-0\"  class=\"panel-grid panel-no-style\" ><div id=\"pgc-270-0-0\"  class=\"panel-grid-cell\" ><div id=\"panel-270-0-0-0\" class=\"so-panel widget widget_media_image panel-first-child panel-last-child\" data-index=\"0\" ><img width=\"570\" height=\"500\" src=\"https:\/\/valora.ca\/wp-content\/uploads\/2018\/08\/about_empowering-women-hands-e1534960258126.jpg\" class=\"image wp-image-57  attachment-full size-full\" alt=\"\" decoding=\"async\" style=\"max-width: 100%; height: auto;\" srcset=\"https:\/\/valora.ca\/wp-content\/uploads\/2018\/08\/about_empowering-women-hands-e1534960258126.jpg 570w, https:\/\/valora.ca\/wp-content\/uploads\/2018\/08\/about_empowering-women-hands-e1534960258126-300x263.jpg 300w\" sizes=\"(max-width: 570px) 100vw, 570px\" \/><\/div><\/div><div id=\"pgc-270-0-1\"  class=\"panel-grid-cell panel-grid-cell-mobile-last\" ><div id=\"panel-270-0-1-0\" class=\"so-panel widget widget_text panel-first-child panel-last-child\" data-index=\"1\" >\t\t\t<div class=\"textwidget\"><div class=\"home-about-text\">\n<h3>Autonomiser les femmes<br \/>\nde tous les horizons<\/h3>\n<p><strong>VALORA<\/strong> est une association caritative ayant pour mission de sensibiliser la population \u00e0 la violence faite aux femmes. <strong>VALORA<\/strong> souhaite collecter des fonds et unir les efforts de la communaut\u00e9 afin d\u2019autonomiser les survivantes de violence conjugale.<\/p>\n<p>L\u2019Association soutient notamment des refuges pour femmes \u00e0 Laval et sur la Rive-Nord de Montr\u00e9al, \u00e0 savoir la Citad&rsquo;Elle de Lachute, la Maison d\u2019Ariane, la Maison le Pr\u00e9lude, L\u2019Ombre-Elle, la Passe-R-Elle des Hautes-Laurentides, La Traverse, la Maison de Lina, la Maison l\u2019Esther, la Maison le Mitan, le Regard en Elle et le Regroup\u2019elles.<\/p>\n<p>Vous voulez en savoir plus sur VALORA? Vous aimeriez nous donner un coup de main? \u00c9crivez-nous \u00e0 <a href=\"mailto:info@valora.ca\">info@valora.ca<\/a>. Au plaisir de vous lire!<\/p>\n<div id=\"panel-2-0-2-1\" class=\"so-panel widget widget_sow-button panel-last-child\" data-index=\"3\">\n<div class=\"so-widget-sow-button so-widget-sow-button-flat-b8cc82424496\">\n<div class=\"ow-button-base ow-button-align-left\"><a class=\"ow-icon-placement-left ow-button-hover\" href=\"mailto:info@valora.ca.\">\u00c9crivez-nous!<\/a><\/div>\n<\/div>\n<\/div>\n<\/div>\n<\/div>\n\t\t<\/div><\/div><div id=\"pgc-270-0-2\"  class=\"panel-grid-cell panel-grid-cell-empty\" ><\/div><\/div><\/div>","protected":false},"excerpt":{"rendered":"<p>Autonomiser les femmes de tous les horizons VALORA est une association caritative ayant pour mission de sensibiliser la population \u00e0 &hellip; <\/p>\n","protected":false},"author":1,"featured_media":0,"parent":0,"menu_order":0,"comment_status":"closed","ping_status":"closed","template":"template-home.php","meta":{"footnotes":""},"_links":{"self":[{"href":"https:\/\/valora.ca\/fr\/wp-json\/wp\/v2\/pages\/270"}],"collection":[{"href":"https:\/\/valora.ca\/fr\/wp-json\/wp\/v2\/pages"}],"about":[{"href":"https:\/\/valora.ca\/fr\/wp-json\/wp\/v2\/types\/page"}],"author":[{"embeddable":true,"href":"https:\/\/valora.ca\/fr\/wp-json\/wp\/v2\/users\/1"}],"replies":[{"embeddable":true,"href":"https:\/\/valora.ca\/fr\/wp-json\/wp\/v2\/comments?post=270"}],"version-history":[{"count":10,"href":"https:\/\/valora.ca\/fr\/wp-json\/wp\/v2\/pages\/270\/revisions"}],"predecessor-version":[{"id":316,"href":"https:\/\/valora.ca\/fr\/wp-json\/wp\/v2\/pages\/270\/revisions\/316"}],"wp:attachment":[{"href":"https:\/\/valora.ca\/fr\/wp-json\/wp\/v2\/media?parent=270"}],"curies":[{"name":"wp","href":"https:\/\/api.w.org\/{rel}","templated":true}]}}